{"id":16,"date":"2024-01-23T15:29:54","date_gmt":"2024-01-23T14:29:54","guid":{"rendered":"https:\/\/mikster.eu\/helpdesk\/?page_id=16"},"modified":"2024-11-08T11:58:39","modified_gmt":"2024-11-08T10:58:39","slug":"baza-wiedzy","status":"publish","type":"page","link":"https:\/\/mikster.eu\/helpdesk\/baza-wiedzy\/","title":{"rendered":"Baza wiedzy"},"content":{"rendered":"<ul>\n<li><a href=\"https:\/\/mikster.eu\/helpdesk\/baza-wiedzy\/filmy-instruktazowe\/\">Filmy instrukta\u017cowe<\/a><\/li>\n<li><a href=\"https:\/\/mikster.eu\/helpdesk\/baza-wiedzy\/slownik-pojec\/\">S\u0142ownik poj\u0119\u0107<\/a><\/li>\n<\/ul>\n","protected":false},"excerpt":{"rendered":"<p>Filmy instrukta\u017cowe S\u0142ownik poj\u0119\u0107<\/p>\n","protected":false},"author":1,"featured_media":0,"parent":0,"menu_order":0,"comment_status":"closed","ping_status":"closed","template":"","meta":{"_acf_changed":false,"_monsterinsights_skip_tracking":false,"_monsterinsights_sitenote_active":false,"_monsterinsights_sitenote_note":"","_monsterinsights_sitenote_category":0,"footnotes":""},"class_list":["post-16","page","type-page","status-publish","hentry"],"acf":[],"_links":{"self":[{"href":"https:\/\/mikster.eu\/helpdesk\/wp-json\/wp\/v2\/pages\/16","targetHints":{"allow":["GET"]}}],"collection":[{"href":"https:\/\/mikster.eu\/helpdesk\/wp-json\/wp\/v2\/pages"}],"about":[{"href":"https:\/\/mikster.eu\/helpdesk\/wp-json\/wp\/v2\/types\/page"}],"author":[{"embeddable":true,"href":"https:\/\/mikster.eu\/helpdesk\/wp-json\/wp\/v2\/users\/1"}],"replies":[{"embeddable":true,"href":"https:\/\/mikster.eu\/helpdesk\/wp-json\/wp\/v2\/comments?post=16"}],"version-history":[{"count":2,"href":"https:\/\/mikster.eu\/helpdesk\/wp-json\/wp\/v2\/pages\/16\/revisions"}],"predecessor-version":[{"id":3228,"href":"https:\/\/mikster.eu\/helpdesk\/wp-json\/wp\/v2\/pages\/16\/revisions\/3228"}],"wp:attachment":[{"href":"https:\/\/mikster.eu\/helpdesk\/wp-json\/wp\/v2\/media?parent=16"}],"curies":[{"name":"wp","href":"https:\/\/api.w.org\/{rel}","templated":true}]}}