{"id":18,"date":"2024-01-23T15:30:19","date_gmt":"2024-01-23T14:30:19","guid":{"rendered":"https:\/\/mikster.eu\/helpdesk\/?page_id=18"},"modified":"2024-08-26T11:06:20","modified_gmt":"2024-08-26T09:06:20","slug":"filmy-instruktazowe","status":"publish","type":"page","link":"https:\/\/mikster.eu\/helpdesk\/baza-wiedzy\/filmy-instruktazowe\/","title":{"rendered":"Filmy instrukta\u017cowe"},"content":{"rendered":"\r\n<p><strong>Tutaj znajdziesz filmy instrukta\u017cowe, kt\u00f3re kierujemy do wszystkich u\u017cytkownik\u00f3w naszych produkt\u00f3w.<\/strong><\/p>\r\n\r\n\r\n\r\n<p>Przygotowali\u015bmy filmy, kt\u00f3re kmi\u0119dzy innymi pokazuj\u0105, jak samodzielnie zmontowa\u0107 i skonfigurowa\u0107 systemy oraz jak sprawnie obs\u0142ugiwa\u0107 oprogramowania. Nasze filmy maj\u0105 na celu pom\u00f3c w codziennej pracy z produktami Mikster, niezale\u017cnie od bran\u017cy, w kt\u00f3rej dzia\u0142asz. Dzi\u0119ki nim proces instalacji i obs\u0142ugi staje si\u0119 prosty i zrozumia\u0142y.<\/p>\r\n","protected":false},"excerpt":{"rendered":"<p>Tutaj znajdziesz filmy instrukta\u017cowe, kt\u00f3re kierujemy do wszystkich u\u017cytkownik\u00f3w naszych produkt\u00f3w. Przygotowali\u015bmy filmy, kt\u00f3re kmi\u0119dzy innymi pokazuj\u0105, jak samodzielnie zmontowa\u0107 i skonfigurowa\u0107 systemy oraz jak sprawnie obs\u0142ugiwa\u0107 oprogramowania. Nasze filmy maj\u0105 na celu pom\u00f3c w codziennej pracy z produktami Mikster, niezale\u017cnie od bran\u017cy, w kt\u00f3rej dzia\u0142asz. Dzi\u0119ki nim proces instalacji i obs\u0142ugi staje si\u0119 prosty [&hellip;]<\/p>\n","protected":false},"author":1,"featured_media":0,"parent":16,"menu_order":0,"comment_status":"closed","ping_status":"closed","template":"page-knowledge-movies.php","meta":{"_acf_changed":false,"_monsterinsights_skip_tracking":false,"_monsterinsights_sitenote_active":false,"_monsterinsights_sitenote_note":"","_monsterinsights_sitenote_category":0,"footnotes":""},"class_list":["post-18","page","type-page","status-publish","hentry"],"acf":[],"_links":{"self":[{"href":"https:\/\/mikster.eu\/helpdesk\/wp-json\/wp\/v2\/pages\/18","targetHints":{"allow":["GET"]}}],"collection":[{"href":"https:\/\/mikster.eu\/helpdesk\/wp-json\/wp\/v2\/pages"}],"about":[{"href":"https:\/\/mikster.eu\/helpdesk\/wp-json\/wp\/v2\/types\/page"}],"author":[{"embeddable":true,"href":"https:\/\/mikster.eu\/helpdesk\/wp-json\/wp\/v2\/users\/1"}],"replies":[{"embeddable":true,"href":"https:\/\/mikster.eu\/helpdesk\/wp-json\/wp\/v2\/comments?post=18"}],"version-history":[{"count":7,"href":"https:\/\/mikster.eu\/helpdesk\/wp-json\/wp\/v2\/pages\/18\/revisions"}],"predecessor-version":[{"id":217,"href":"https:\/\/mikster.eu\/helpdesk\/wp-json\/wp\/v2\/pages\/18\/revisions\/217"}],"up":[{"embeddable":true,"href":"https:\/\/mikster.eu\/helpdesk\/wp-json\/wp\/v2\/pages\/16"}],"wp:attachment":[{"href":"https:\/\/mikster.eu\/helpdesk\/wp-json\/wp\/v2\/media?parent=18"}],"curies":[{"name":"wp","href":"https:\/\/api.w.org\/{rel}","templated":true}]}}