{"id":81,"date":"2024-06-17T13:10:10","date_gmt":"2024-06-17T11:10:10","guid":{"rendered":"https:\/\/mikster.eu\/helpdesk\/?page_id=81"},"modified":"2024-06-17T13:15:03","modified_gmt":"2024-06-17T11:15:03","slug":"nowe-zgloszenie","status":"publish","type":"page","link":"https:\/\/mikster.eu\/helpdesk\/nowe-zgloszenie\/","title":{"rendered":"Nowe zg\u0142oszenie"},"content":{"rendered":"<div class=\"wordpress-helpdesk\"><div class=\"wordpress-helpdesk-row\"><div class=\"wordpress-helpdesk-col-sm-12\"><a href=\"https:\/\/mikster.eu\/helpdesk\/moje-zgloszenia\/\" id=\"wordpress_helpdesk_back_to_my_tickets\" class=\"wordpress_helpdesk_back_to_my_tickets\">&lt; Powr\u00f3t do moich zg\u0142osze\u0144<\/a><form action=\"\/helpdesk\/wp-json\/wp\/v2\/pages\/81\" enctype=\"multipart\/form-data\" class=\"wordpress-helpdesk-form wordpress-helpdesk-Simple\" autocomplete=\"off\" method=\"post\"><input class=\"form-control\" name=\"helpdesk_form\" type=\"hidden\" value=\"Simple\"><a href=\"https:\/\/mikster.eu\/helpdesk\/?redirect_to=https:\/\/mikster.eu\/helpdesk\/nowe-zgloszenie\/\" title=\"Zaloguj sie\">Zaloguj si\u0119, aby przes\u0142a\u0107 zg\u0142oszenie.<\/a>\n","protected":false},"excerpt":{"rendered":"","protected":false},"author":1,"featured_media":0,"parent":0,"menu_order":0,"comment_status":"closed","ping_status":"closed","template":"page-new-ticket.php","meta":{"_acf_changed":false,"_monsterinsights_skip_tracking":false,"_monsterinsights_sitenote_active":false,"_monsterinsights_sitenote_note":"","_monsterinsights_sitenote_category":0,"footnotes":""},"class_list":["post-81","page","type-page","status-publish","hentry"],"acf":[],"_links":{"self":[{"href":"https:\/\/mikster.eu\/helpdesk\/wp-json\/wp\/v2\/pages\/81","targetHints":{"allow":["GET"]}}],"collection":[{"href":"https:\/\/mikster.eu\/helpdesk\/wp-json\/wp\/v2\/pages"}],"about":[{"href":"https:\/\/mikster.eu\/helpdesk\/wp-json\/wp\/v2\/types\/page"}],"author":[{"embeddable":true,"href":"https:\/\/mikster.eu\/helpdesk\/wp-json\/wp\/v2\/users\/1"}],"replies":[{"embeddable":true,"href":"https:\/\/mikster.eu\/helpdesk\/wp-json\/wp\/v2\/comments?post=81"}],"version-history":[{"count":2,"href":"https:\/\/mikster.eu\/helpdesk\/wp-json\/wp\/v2\/pages\/81\/revisions"}],"predecessor-version":[{"id":84,"href":"https:\/\/mikster.eu\/helpdesk\/wp-json\/wp\/v2\/pages\/81\/revisions\/84"}],"wp:attachment":[{"href":"https:\/\/mikster.eu\/helpdesk\/wp-json\/wp\/v2\/media?parent=81"}],"curies":[{"name":"wp","href":"https:\/\/api.w.org\/{rel}","templated":true}]}}