{"id":95,"date":"2024-06-18T08:01:42","date_gmt":"2024-06-18T06:01:42","guid":{"rendered":"https:\/\/mikster.eu\/helpdesk\/odzyskiwanie-hasla\/"},"modified":"2024-06-18T08:01:42","modified_gmt":"2024-06-18T06:01:42","slug":"odzyskiwanie-hasla","status":"publish","type":"page","link":"https:\/\/mikster.eu\/helpdesk\/odzyskiwanie-hasla\/","title":{"rendered":"Odzyskiwanie has\u0142a"},"content":{"rendered":"<!--noptimize--><div class='rmagic'>    \n    <div class='rmcontent rm-login-wrapper'>\n                    <style type=\"text\/css\">label span.required { color: #B94A48; }span.help-inline, span.help-block { color: #888; font-size: .9em; font-style: italic; }<\/style><form action id=\"rm_recovery_form\" method=\"post\" class=\"form-horizontal\"><fieldset><input type=\"hidden\" name=\"rm_form_sub_id\" value=rm_recovery_form><input type=\"hidden\" name=\"rm_form_sub_no\" value=><div class=\"rmrow\"><div class=\"rmfield\" for=\"rm_recovery_form-element-0\"><label>E-mail<sup class=\"required\">&nbsp;*<\/sup><\/label><\/div><div class=\"rminput\"><input type=\"email\" name=\"user_email\" required class placeholder id=\"rm_recovery_form-element-0\"\/><\/div><\/div><div class=\"buttonarea\"><input   type=\"submit\" value=\"Zresetuj has\u0142o\" name=\"submit\" id=\"rm_submit_btn\" class=\"rm_btn rm-btn rm-btn-primary button button-primary\"\/><\/div><\/fieldset><\/form><pre class=\"rm-pre-wrapper-for-script-tags\"><script type=\"text\/javascript\">jQuery(document).ready(function() {\t\tjQuery(\"#rm_recovery_form\").bind(\"submit\", function(){\n                        \/\/jQuery(this).find(\"input[name=rm_slug]\").attr(\"value\",jQuery(this).find(\"input[name=submit]\").attr(\"value\"));\n\t\t\tjQuery(this).find(\"input[type=submit]\").attr(\"disabled\", \"disabled\"); \n\t\t});}); <\/script><\/pre>        <noscript>\n            <div class=\"rm-js-disabled\"><b>Uwaga: Wygl\u0105da na to, \u017ce JavaScript jest wy\u0142\u0105czony w Twojej przegl\u0105darce. Niekt\u00f3re elementy tego formularza mo\u017ce wymaga\u0107 JavaScript do poprawnego dzia\u0142ania. Je\u015bli masz problemy z przes\u0142aniem formularza, spr\u00f3buj w\u0142\u0105czy\u0107 JavaScript na chwil\u0119 i ponownie przes\u0142a\u0107. Ustawienia JavaScript zwykle znajduj\u0105 si\u0119 w ustawieniach przegl\u0105darki lub w menu dewelopera przegl\u0105darki.<\/b><\/div>\n            <style>\n                .rm_next_btn {display:none !important}\n                .rm_noscript_btn {display: block !important}\n            <\/style>\n        <\/noscript>\n                <\/div>\n<\/div><!--\/noptimize-->\n","protected":false},"excerpt":{"rendered":"","protected":false},"author":1,"featured_media":0,"parent":0,"menu_order":0,"comment_status":"closed","ping_status":"closed","template":"","meta":{"_acf_changed":false,"_monsterinsights_skip_tracking":false,"_monsterinsights_sitenote_active":false,"_monsterinsights_sitenote_note":"","_monsterinsights_sitenote_category":0,"footnotes":""},"class_list":["post-95","page","type-page","status-publish","hentry"],"acf":[],"_links":{"self":[{"href":"https:\/\/mikster.eu\/helpdesk\/wp-json\/wp\/v2\/pages\/95","targetHints":{"allow":["GET"]}}],"collection":[{"href":"https:\/\/mikster.eu\/helpdesk\/wp-json\/wp\/v2\/pages"}],"about":[{"href":"https:\/\/mikster.eu\/helpdesk\/wp-json\/wp\/v2\/types\/page"}],"author":[{"embeddable":true,"href":"https:\/\/mikster.eu\/helpdesk\/wp-json\/wp\/v2\/users\/1"}],"replies":[{"embeddable":true,"href":"https:\/\/mikster.eu\/helpdesk\/wp-json\/wp\/v2\/comments?post=95"}],"version-history":[{"count":0,"href":"https:\/\/mikster.eu\/helpdesk\/wp-json\/wp\/v2\/pages\/95\/revisions"}],"wp:attachment":[{"href":"https:\/\/mikster.eu\/helpdesk\/wp-json\/wp\/v2\/media?parent=95"}],"curies":[{"name":"wp","href":"https:\/\/api.w.org\/{rel}","templated":true}]}}